{"id":14,"date":"2018-12-13T23:16:22","date_gmt":"2018-12-13T23:16:22","guid":{"rendered":"http:\/\/iartmedia.com\/digital\/?page_id=14"},"modified":"2024-03-11T18:57:05","modified_gmt":"2024-03-11T23:57:05","slug":"nosotros","status":"publish","type":"page","link":"https:\/\/iartmedia.com\/digital\/nosotros\/","title":{"rendered":"Nosotros"},"content":{"rendered":"[vc_row el_class=\u00bbservicios_iam\u00bb][vc_column][rev_slider_vc alias=\u00bbslider_nosotros\u00bb][vc_empty_space][vc_raw_html]JTNDc3R5bGUlM0UlMEEuZW50cnlfX2hlYWRlciU3QiUwQSUyMCUyMCUyMCUyMGRpc3BsYXklM0ElMjBub25lJTNCJTBBJTdEJTBBJTNDJTJGc3R5bGUlM0U=[\/vc_raw_html][vc_row_inner][vc_column_inner width=\u00bb1\/2&#8243;][vc_raw_html]JTNDZGl2JTIwY2xhc3MlM0QlMjJ2aW5ldGEyJTIyJTNFJTBBJTIwJTIwJTNDZGl2JTIwY2xhc3MlM0QlMjJjbGVhcmZpeCUyMGFkZC1ib3R0b20lMjAlMjAlMjIlM0UlMEElMjAlMjAlMjAlMjAlM0NmaWd1cmUlMjBjbGFzcyUzRCUyMnV0LXNlcnZpY2UtaWNvbiUyMCUyMiUzRSUzQ2klMjBzdHlsZSUzRCUyMmNvbG9yJTNBJTIwJTIzREVENzAwJTIyJTIwY2xhc3MlM0QlMjJmYSUyMGljb25fdmluZXRhJTIyJTNFJTNDJTJGaSUzRSUzQyUyRmZpZ3VyZSUzRSUwQSUyMCUyMCUyMCUyMCUzQ2RpdiUyMGNsYXNzJTNEJTIydXQtc2VydmljZS1jb2x1bW4lMjIlM0UlMEElMjAlMjAlMjAlMjAlMjAlMjAlM0NoMyUzRVNvbHVjaW9uZXMlMjBlbXByZXNhcmlhbGVzJTNDJTJGaDMlM0UlMEElMjAlMjAlMjAlMjAlMEElMjAlMjAlMjAlMjAlM0MlMkZkaXYlM0UlMEElMjAlMjAlM0MlMkZkaXYlM0UlMEElMjAlMjAlM0NkaXYlMjBjbGFzcyUzRCUyMmNsZWFyZml4JTIwYWRkLWJvdHRvbSUyMCUyMCUyMiUzRSUwQSUyMCUyMCUyMCUyMCUzQ2ZpZ3VyZSUyMGNsYXNzJTNEJTIydXQtc2VydmljZS1pY29uJTIwJTIyJTNFJTNDaSUyMHN0eWxlJTNEJTIyY29sb3IlM0ElMjAlMjNERUQ3MDAlMjIlMjBjbGFzcyUzRCUyMmZhJTIwaWNvbl92aW5ldGElMjIlM0UlM0MlMkZpJTNFJTNDJTJGZmlndXJlJTNFJTBBJTIwJTIwJTIwJTIwJTNDZGl2JTIwY2xhc3MlM0QlMjJ1dC1zZXJ2aWNlLWNvbHVtbiUyMiUzRSUwQSUyMCUyMCUyMCUyMCUyMCUyMCUzQ2gzJTNFQ3JlYWNpJUMzJUIzbiUyMHklMjBkaXNlJUMzJUIxbyUyMGRlbCUyMGNvbmNlcHRvJTNDJTJGaDMlM0UlMEElMEElMjAlMjAlMjAlMjAlM0MlMkZkaXYlM0UlMEElMjAlMjAlM0MlMkZkaXYlM0UlMEElMjAlMEElMjAlMjAlM0NkaXYlMjBjbGFzcyUzRCUyMmNsZWFyZml4JTIwYWRkLWJvdHRvbSUyMCUyMCUyMiUzRSUwQSUyMCUyMCUyMCUyMCUzQ2ZpZ3VyZSUyMGNsYXNzJTNEJTIydXQtc2VydmljZS1pY29uJTIwJTIyJTNFJTNDaSUyMHN0eWxlJTNEJTIyY29sb3IlM0ElMjAlMjNERUQ3MDAlMjIlMjBjbGFzcyUzRCUyMmZhJTIwaWNvbl92aW5ldGElMjIlM0UlM0MlMkZpJTNFJTNDJTJGZmlndXJlJTNFJTBBJTIwJTIwJTIwJTIwJTNDZGl2JTIwY2xhc3MlM0QlMjJ1dC1zZXJ2aWNlLWNvbHVtbiUyMiUzRSUwQSUyMCUyMCUyMCUyMCUyMCUyMCUzQ2gzJTNFRGVzYXJyb2xsbyUyMGUlMjBpbXBsZW1lbnRhY2klQzMlQjNuJTNDJTJGaDMlM0UlMEElMjAlMjAlMjAlMjAlMjAlMEElMjAlMjAlMjAlMjAlM0MlMkZkaXYlM0UlMEElMjAlMjAlM0MlMkZkaXYlM0UlMEElMjAlMjAlMEElMjAlMjAlM0NkaXYlMjBjbGFzcyUzRCUyMmNsZWFyZml4JTIwYWRkLWJvdHRvbSUyMCUyMCUyMiUzRSUwQSUyMCUyMCUyMCUyMCUzQ2ZpZ3VyZSUyMGNsYXNzJTNEJTIydXQtc2VydmljZS1pY29uJTIwJTIyJTNFJTNDaSUyMHN0eWxlJTNEJTIyY29sb3IlM0ElMjAlMjNERUQ3MDAlMjIlMjBjbGFzcyUzRCUyMmZhJTIwaWNvbl92aW5ldGElMjIlM0UlM0MlMkZpJTNFJTNDJTJGZmlndXJlJTNFJTBBJTIwJTIwJTIwJTIwJTNDZGl2JTIwY2xhc3MlM0QlMjJ1dC1zZXJ2aWNlLWNvbHVtbiUyMiUzRSUwQSUyMCUyMCUyMCUyMCUyMCUyMCUzQ2gzJTNFQXNlc29yJUMzJUFEYSUyQyUyMHN1cGVydmlzaSVDMyVCM24lMjB5JTIwY29udHJvbCUyMGRlJTIwY2FsaWRhZCUzQyUyRmgzJTNFJTBBJTIwJTIwJTIwJTIwJTNDJTJGZGl2JTNFJTBBJTIwJTIwJTNDJTJGZGl2JTNFJTBBJTNDJTJGZGl2JTNFJTBB[\/vc_raw_html][\/vc_column_inner][vc_column_inner width=\u00bb1\/2&#8243;][vc_column_text]<img loading=\"lazy\" decoding=\"async\" class=\"aligncenter size-full wp-image-175\" src=\"http:\/\/iartmedia.com\/wp-content\/uploads\/home_banner05.jpg\" alt=\"\" width=\"960\" height=\"644\" \/>[\/vc_column_text][\/vc_column_inner][\/vc_row_inner][vc_column_text]\n<h2 style=\"text-align: justify;\">AGENCIA DE PUBLICIDAD<\/h2>\n<p style=\"text-align: justify;\">Nos especializamos en el desarrollo de estrategias de comunicaci\u00f3n, imagen corporativa, publicidad integral, desde su concepci\u00f3n, que implica la elaboraci\u00f3n de sustentos t\u00e9cnicos, plan de medios y su ejecuci\u00f3n.<\/p>\n<p style=\"text-align: justify;\">Adem\u00e1s de campa\u00f1as ATL (PUBLICIDAD MASIVA: TELEVISION, RADIO Y PRENSA) y BTL (PUBLICIDAD DIRECTA), brindamos servicios de publicidad est\u00e1tica, dise\u00f1o gr\u00e1fico e identidad corporativa.<\/p>\n<p style=\"text-align: justify;\">Nuestra empresa tiene m\u00e1s de 10 a\u00f1os de experiencia en el \u00e1rea de marketing, comunicaciones y publicidad enfocados para el logro de los objetivos comunicaciones de su instituci\u00f3n.<\/p>\n[\/vc_column_text][vc_empty_space][vc_column_text]\n<h2>PUBLICIDAD CREATIVA<\/h2>\n<p>Te ayudamos a dar a conocer tu empresa.[\/vc_column_text][vc_row_inner][vc_column_inner width=\u00bb1\/2&#8243;][vc_column_text]\n<ul>\n<li>Asesoramos a Nuevas Empresas en el lanzamiento de su Imagen Institucional.<\/li>\n<li>Renovamos tu Imagen Empresarial.<\/li>\n<li>Campa\u00f1as Publicitarias.<\/li>\n<li>Lanzamiento de Productos Nuevos<\/li>\n<li>Ideas 100% originales para tu marca,<\/li>\n<\/ul>\n[\/vc_column_text][\/vc_column_inner][vc_column_inner width=\u00bb1\/2&#8243;][vc_column_text]\n<ul>\n<li>Publicidad Creativa<\/li>\n<li>Campa\u00f1as Publicitarias<\/li>\n<li>Ideas \/ Conceptos<\/li>\n<li>Branding<\/li>\n<li>Logos, Isotipos y Marcas<\/li>\n<li>Imagen Corporativa<\/li>\n<li>Marketing<\/li>\n<\/ul>\n[\/vc_column_text][\/vc_column_inner][\/vc_row_inner][vc_empty_space][vc_row_inner][vc_column_inner width=\u00bb1\/4&#8243;][vc_column_text]\n<p style=\"text-align: center;\"><span style=\"font-size: 80pt;\"><i class=\"pixcode  pixcode--icon  icon-users      \"><\/i><\/span><br \/>\n<span style=\"font-size: 50pt; line-height: 0px;\"><strong>250<\/strong><\/span><br \/>\n<span style=\"line-height: 20px;\">Clientes<\/span><\/p>\n[\/vc_column_text][\/vc_column_inner][vc_column_inner width=\u00bb1\/4&#8243;][vc_column_text]\n<p style=\"text-align: center;\"><span style=\"font-size: 80pt;\"><i class=\"pixcode  pixcode--icon  icon-briefcase      \"><\/i><\/span><br \/>\n<span style=\"font-size: 50pt; line-height: 0px;\"><strong>2000<\/strong><\/span><br \/>\n<span style=\"line-height: 20px;\">Proyectos<\/span><\/p>\n[\/vc_column_text][\/vc_column_inner][vc_column_inner width=\u00bb1\/4&#8243;][vc_column_text]\n<p style=\"text-align: center;\"><span style=\"font-size: 80pt;\"><i class=\"pixcode  pixcode--icon  icon-desktop      \"><\/i><\/span><br \/>\n<span style=\"font-size: 50pt; line-height: 0px;\"><strong>150<\/strong><\/span><br \/>\n<span style=\"line-height: 20px;\">Website<\/span><\/p>\n[\/vc_column_text][\/vc_column_inner][vc_column_inner width=\u00bb1\/4&#8243;][vc_column_text]\n<p style=\"text-align: center;\"><span style=\"font-size: 80pt;\"><i class=\"pixcode  pixcode--icon  icon-picture-o      \"><\/i><\/span><br \/>\n<span style=\"font-size: 50pt; line-height: 0px;\"><strong>6000<\/strong><\/span><br \/>\n<span style=\"line-height: 20px;\">Dise\u00f1os<\/span><\/p>\n[\/vc_column_text][\/vc_column_inner][\/vc_row_inner][\/vc_column][\/vc_row]\n","protected":false},"excerpt":{"rendered":"<p>[vc_row el_class=\u00bbservicios_iam\u00bb][vc_column][rev_slider_vc alias=\u00bbslider_nosotros\u00bb][vc_empty_space][vc_raw_html]JTNDc3R5bGUlM0UlMEEuZW50cnlfX2hlYWRlciU3QiUwQSUyMCUyMCUyMCUyMGRpc3BsYXklM0ElMjBub25lJTNCJTBBJTdEJTBBJTNDJTJGc3R5bGUlM0U=[\/vc_raw_html][vc_row_inner][vc_column_inner width=\u00bb1\/2&#8243;][vc_raw_html]JTNDZGl2JTIwY2xhc3MlM0QlMjJ2aW5ldGEyJTIyJTNFJTBBJTIwJTIwJTNDZGl2JTIwY2xhc3MlM0QlMjJjbGVhcmZpeCUyMGFkZC1ib3R0b20lMjAlMjAlMjIlM0UlMEElMjAlMjAlMjAlMjAlM0NmaWd1cmUlMjBjbGFzcyUzRCUyMnV0LXNlcnZpY2UtaWNvbiUyMCUyMiUzRSUzQ2klMjBzdHlsZSUzRCUyMmNvbG9yJTNBJTIwJTIzREVENzAwJTIyJTIwY2xhc3MlM0QlMjJmYSUyMGljb25fdmluZXRhJTIyJTNFJTNDJTJGaSUzRSUzQyUyRmZpZ3VyZSUzRSUwQSUyMCUyMCUyMCUyMCUzQ2RpdiUyMGNsYXNzJTNEJTIydXQtc2VydmljZS1jb2x1bW4lMjIlM0UlMEElMjAlMjAlMjAlMjAlMjAlMjAlM0NoMyUzRVNvbHVjaW9uZXMlMjBlbXByZXNhcmlhbGVzJTNDJTJGaDMlM0UlMEElMjAlMjAlMjAlMjAlMEElMjAlMjAlMjAlMjAlM0MlMkZkaXYlM0UlMEElMjAlMjAlM0MlMkZkaXYlM0UlMEElMjAlMjAlM0NkaXYlMjBjbGFzcyUzRCUyMmNsZWFyZml4JTIwYWRkLWJvdHRvbSUyMCUyMCUyMiUzRSUwQSUyMCUyMCUyMCUyMCUzQ2ZpZ3VyZSUyMGNsYXNzJTNEJTIydXQtc2VydmljZS1pY29uJTIwJTIyJTNFJTNDaSUyMHN0eWxlJTNEJTIyY29sb3IlM0ElMjAlMjNERUQ3MDAlMjIlMjBjbGFzcyUzRCUyMmZhJTIwaWNvbl92aW5ldGElMjIlM0UlM0MlMkZpJTNFJTNDJTJGZmlndXJlJTNFJTBBJTIwJTIwJTIwJTIwJTNDZGl2JTIwY2xhc3MlM0QlMjJ1dC1zZXJ2aWNlLWNvbHVtbiUyMiUzRSUwQSUyMCUyMCUyMCUyMCUyMCUyMCUzQ2gzJTNFQ3JlYWNpJUMzJUIzbiUyMHklMjBkaXNlJUMzJUIxbyUyMGRlbCUyMGNvbmNlcHRvJTNDJTJGaDMlM0UlMEElMEElMjAlMjAlMjAlMjAlM0MlMkZkaXYlM0UlMEElMjAlMjAlM0MlMkZkaXYlM0UlMEElMjAlMEElMjAlMjAlM0NkaXYlMjBjbGFzcyUzRCUyMmNsZWFyZml4JTIwYWRkLWJvdHRvbSUyMCUyMCUyMiUzRSUwQSUyMCUyMCUyMCUyMCUzQ2ZpZ3VyZSUyMGNsYXNzJTNEJTIydXQtc2VydmljZS1pY29uJTIwJTIyJTNFJTNDaSUyMHN0eWxlJTNEJTIyY29sb3IlM0ElMjAlMjNERUQ3MDAlMjIlMjBjbGFzcyUzRCUyMmZhJTIwaWNvbl92aW5ldGElMjIlM0UlM0MlMkZpJTNFJTNDJTJGZmlndXJlJTNFJTBBJTIwJTIwJTIwJTIwJTNDZGl2JTIwY2xhc3MlM0QlMjJ1dC1zZXJ2aWNlLWNvbHVtbiUyMiUzRSUwQSUyMCUyMCUyMCUyMCUyMCUyMCUzQ2gzJTNFRGVzYXJyb2xsbyUyMGUlMjBpbXBsZW1lbnRhY2klQzMlQjNuJTNDJTJGaDMlM0UlMEElMjAlMjAlMjAlMjAlMjAlMEElMjAlMjAlMjAlMjAlM0MlMkZkaXYlM0UlMEElMjAlMjAlM0MlMkZkaXYlM0UlMEElMjAlMjAlMEElMjAlMjAlM0NkaXYlMjBjbGFzcyUzRCUyMmNsZWFyZml4JTIwYWRkLWJvdHRvbSUyMCUyMCUyMiUzRSUwQSUyMCUyMCUyMCUyMCUzQ2ZpZ3VyZSUyMGNsYXNzJTNEJTIydXQtc2VydmljZS1pY29uJTIwJTIyJTNFJTNDaSUyMHN0eWxlJTNEJTIyY29sb3IlM0ElMjAlMjNERUQ3MDAlMjIlMjBjbGFzcyUzRCUyMmZhJTIwaWNvbl92aW5ldGElMjIlM0UlM0MlMkZpJTNFJTNDJTJGZmlndXJlJTNFJTBBJTIwJTIwJTIwJTIwJTNDZGl2JTIwY2xhc3MlM0QlMjJ1dC1zZXJ2aWNlLWNvbHVtbiUyMiUzRSUwQSUyMCUyMCUyMCUyMCUyMCUyMCUzQ2gzJTNFQXNlc29yJUMzJUFEYSUyQyUyMHN1cGVydmlzaSVDMyVCM24lMjB5JTIwY29udHJvbCUyMGRlJTIwY2FsaWRhZCUzQyUyRmgzJTNFJTBBJTIwJTIwJTIwJTIwJTNDJTJGZGl2JTNFJTBBJTIwJTIwJTNDJTJGZGl2JTNFJTBBJTNDJTJGZGl2JTNFJTBB[\/vc_raw_html][\/vc_column_inner][vc_column_inner width=\u00bb1\/2&#8243;][vc_column_text][\/vc_column_text][\/vc_column_inner][\/vc_row_inner][vc_column_text] AGENCIA DE PUBLICIDAD Nos especializamos en el desarrollo de estrategias de comunicaci\u00f3n, imagen corporativa, publicidad integral, desde su concepci\u00f3n, que implica la elaboraci\u00f3n de sustentos t\u00e9cnicos, plan de medios y su ejecuci\u00f3n. Adem\u00e1s de campa\u00f1as ATL (PUBLICIDAD MASIVA: TELEVISION, RADIO Y PRENSA) y BTL (PUBLICIDAD DIRECTA), brindamos servicios de publicidad est\u00e1tica, dise\u00f1o gr\u00e1fico e identidad corporativa. Nuestra empresa tiene m\u00e1s de 10 a\u00f1os de experiencia en el \u00e1rea de marketing, comunicaciones y publicidad enfocados para el logro de los objetivos comunicaciones de su instituci\u00f3n. [\/vc_column_text][vc_empty_space][vc_column_text] PUBLICIDAD CREATIVA Te ayudamos a dar a conocer tu empresa.[\/vc_column_text][vc_row_inner][vc_column_inner [&hellip;]<\/p>\n","protected":false},"author":1,"featured_media":0,"parent":0,"menu_order":0,"comment_status":"closed","ping_status":"open","template":"","meta":{"footnotes":""},"_links":{"self":[{"href":"https:\/\/iartmedia.com\/digital\/wp-json\/wp\/v2\/pages\/14"}],"collection":[{"href":"https:\/\/iartmedia.com\/digital\/wp-json\/wp\/v2\/pages"}],"about":[{"href":"https:\/\/iartmedia.com\/digital\/wp-json\/wp\/v2\/types\/page"}],"author":[{"embeddable":true,"href":"https:\/\/iartmedia.com\/digital\/wp-json\/wp\/v2\/users\/1"}],"replies":[{"embeddable":true,"href":"https:\/\/iartmedia.com\/digital\/wp-json\/wp\/v2\/comments?post=14"}],"version-history":[{"count":9,"href":"https:\/\/iartmedia.com\/digital\/wp-json\/wp\/v2\/pages\/14\/revisions"}],"predecessor-version":[{"id":1138,"href":"https:\/\/iartmedia.com\/digital\/wp-json\/wp\/v2\/pages\/14\/revisions\/1138"}],"wp:attachment":[{"href":"https:\/\/iartmedia.com\/digital\/wp-json\/wp\/v2\/media?parent=14"}],"curies":[{"name":"wp","href":"https:\/\/api.w.org\/{rel}","templated":true}]}}